{"id":258,"date":"2019-10-06T14:06:27","date_gmt":"2019-10-06T14:06:27","guid":{"rendered":"http:\/\/www.linuxsystems.ovh\/?page_id=258"},"modified":"2025-07-29T10:29:08","modified_gmt":"2025-07-29T10:29:08","slug":"o-mnie","status":"publish","type":"page","link":"https:\/\/www.linuxsystems.ovh\/?page_id=258","title":{"rendered":"O mnie"},"content":{"rendered":"\n<p>Nazywam si\u0119 Mateusz, z zawodu jestem administratorem serwer\u00f3w Linux. Interesuje si\u0119 administracj\u0105 serwerami, elektronik\u0105, podr\u00f3\u017c\u0105, a tak\u017ce bezpiecze\u0144stwem sieci, uwielbiam wszelkiego rodzaju emotki :). Bardzo prosz\u0119, aby czytelnicy zwracali si\u0119 do mnie na &#8222;Ty&#8221; &#8211; nie lubi\u0119 okre\u015blenia &#8222;per Pan&#8221;&#8230; Prowadz\u0119 bloga, poniewa\u017c chcia\u0142bym poszerza\u0107 w\u0142asn\u0105 jak i czyj\u0105\u015b wiedz\u0119. Traktuj\u0119 ten blog jako osobisty notatnik, w kt\u00f3rym zapisuje wszystko czego si\u0119 nauczy\u0142em, a do czego &#8211; by\u0107 mo\u017ce &#8211; b\u0119d\u0119 musia\u0142 wr\u00f3ci\u0107 w przysz\u0142o\u015bci, a pisz\u0105c o przysz\u0142o\u015bci chcia\u0142bym tak\u017ce wspomnie\u0107 i udoskonali\u0107 swoje profile na YouTube i mediach spo\u0142eczno\u015bciowych, aby one te\u017c naucza\u0142y innych, a tak\u017ce i mnie, poniewa\u017c robi\u0105c np. wpis sam dowiaduj\u0119 si\u0119 wielu nowych ciekawych rzeczy.<\/p>\n\n\n\n<p><\/p>\n\n\n\n<p>Wszystko co jest udost\u0119pnione na tej stronie &#8211; je\u017celi nie jest napisane inaczej &#8211; mo\u017cecie korzysta\u0107 dowolnie jak chcecie \ud83d\ude42 .<\/p>\n\n\n\n<p><\/p>\n\n\n\n<p>Kontakt:<\/p>\n\n\n\n<p>email: liske1@linuxsystems.ovh<\/p>\n\n\n\n<p>Discord: <a href=\"https:\/\/discordapp.com\/users\/liske310\">liske310<\/a><\/p>\n\n\n\n<p>Linkedin: <a href=\"https:\/\/www.linkedin.com\/in\/mateusz-lis-70019118b\/\">https:\/\/www.linkedin.com\/in\/mateusz-lis-70019118b\/<\/a><\/p>\n\n\n\n<p><\/p>\n","protected":false},"excerpt":{"rendered":"<p>Nazywam si\u0119 Mateusz, z zawodu jestem administratorem serwer\u00f3w Linux. Interesuje si\u0119 administracj\u0105 serwerami, elektronik\u0105, podr\u00f3\u017c\u0105, a tak\u017ce bezpiecze\u0144stwem sieci, uwielbiam wszelkiego rodzaju emotki :). Bardzo prosz\u0119, aby czytelnicy zwracali si\u0119 do mnie na &#8222;Ty&#8221; &#8211; nie lubi\u0119 okre\u015blenia &#8222;per Pan&#8221;&#8230; Prowadz\u0119 bloga, poniewa\u017c chcia\u0142bym poszerza\u0107 w\u0142asn\u0105 jak i czyj\u0105\u015b wiedz\u0119. Traktuj\u0119 ten blog jako osobisty &hellip; <\/p>\n<p class=\"link-more\"><a href=\"https:\/\/www.linuxsystems.ovh\/?page_id=258\" class=\"more-link\">Czytaj dalej<span class=\"screen-reader-text\"> \u201eO mnie\u201d<\/span><\/a><\/p>\n","protected":false},"author":1,"featured_media":0,"parent":0,"menu_order":0,"comment_status":"closed","ping_status":"closed","template":"","meta":{"footnotes":""},"class_list":["post-258","page","type-page","status-publish","hentry"],"_links":{"self":[{"href":"https:\/\/www.linuxsystems.ovh\/index.php?rest_route=\/wp\/v2\/pages\/258","targetHints":{"allow":["GET"]}}],"collection":[{"href":"https:\/\/www.linuxsystems.ovh\/index.php?rest_route=\/wp\/v2\/pages"}],"about":[{"href":"https:\/\/www.linuxsystems.ovh\/index.php?rest_route=\/wp\/v2\/types\/page"}],"author":[{"embeddable":true,"href":"https:\/\/www.linuxsystems.ovh\/index.php?rest_route=\/wp\/v2\/users\/1"}],"replies":[{"embeddable":true,"href":"https:\/\/www.linuxsystems.ovh\/index.php?rest_route=%2Fwp%2Fv2%2Fcomments&post=258"}],"version-history":[{"count":11,"href":"https:\/\/www.linuxsystems.ovh\/index.php?rest_route=\/wp\/v2\/pages\/258\/revisions"}],"predecessor-version":[{"id":1298,"href":"https:\/\/www.linuxsystems.ovh\/index.php?rest_route=\/wp\/v2\/pages\/258\/revisions\/1298"}],"wp:attachment":[{"href":"https:\/\/www.linuxsystems.ovh\/index.php?rest_route=%2Fwp%2Fv2%2Fmedia&parent=258"}],"curies":[{"name":"wp","href":"https:\/\/api.w.org\/{rel}","templated":true}]}}